{"id":7,"date":"2019-11-04T11:52:10","date_gmt":"2019-11-04T10:52:10","guid":{"rendered":"http:\/\/xn--spltied-b1aa.de\/?page_id=7"},"modified":"2023-06-17T16:05:07","modified_gmt":"2023-06-17T14:05:07","slug":"foerderkreis","status":"publish","type":"page","link":"https:\/\/xn--spltied-b1aa.de\/","title":{"rendered":"F\u00f6rderkreis"},"content":{"rendered":"\n<figure class=\"wp-block-image\"><img loading=\"lazy\" decoding=\"async\" width=\"1024\" height=\"244\" src=\"http:\/\/xn--spltied-b1aa.de\/wp-content\/uploads\/2019\/11\/Scan071018_124134-1024x244.jpg\" alt=\"\" class=\"wp-image-50\" srcset=\"https:\/\/xn--spltied-b1aa.de\/wp-content\/uploads\/2019\/11\/Scan071018_124134-1024x244.jpg 1024w, https:\/\/xn--spltied-b1aa.de\/wp-content\/uploads\/2019\/11\/Scan071018_124134-300x71.jpg 300w, https:\/\/xn--spltied-b1aa.de\/wp-content\/uploads\/2019\/11\/Scan071018_124134-768x183.jpg 768w\" sizes=\"auto, (max-width: 1024px) 100vw, 1024px\" \/><\/figure>\n\n\n\n<div style=\"height:32px\" aria-hidden=\"true\" class=\"wp-block-spacer\"><\/div>\n\n\n\n<p><strong>Der F\u00f6rderkreis Sp\u00f6\u00f6ltied wurde 1986 gegr\u00fcndet mit dem Ziel den Patienten und die sie begleitenden Eltern die Zeit ihres Klinikaufenthalts so angenehm wie m\u00f6glich zu gestalten, um damit den Genesungsprozess zu unterst\u00fctzen. <\/strong><\/p>\n\n\n\n<p><strong>Damit ist Zweck des Vereins die F\u00f6rderung der Jugendhilfe im \u00f6ffentlichen Gesundheitswesen.<\/strong><\/p>\n\n\n\n<figure class=\"wp-block-image\"><img loading=\"lazy\" decoding=\"async\" width=\"1024\" height=\"768\" src=\"http:\/\/xn--spltied-b1aa.de\/wp-content\/uploads\/2019\/11\/IMG_0529_cymk-1024x768.jpg\" alt=\"\" class=\"wp-image-48\" srcset=\"https:\/\/xn--spltied-b1aa.de\/wp-content\/uploads\/2019\/11\/IMG_0529_cymk-1024x768.jpg 1024w, https:\/\/xn--spltied-b1aa.de\/wp-content\/uploads\/2019\/11\/IMG_0529_cymk-300x225.jpg 300w, https:\/\/xn--spltied-b1aa.de\/wp-content\/uploads\/2019\/11\/IMG_0529_cymk-768x576.jpg 768w\" sizes=\"auto, (max-width: 1024px) 100vw, 1024px\" \/><\/figure>\n","protected":false},"excerpt":{"rendered":"<p>Der F\u00f6rderkreis Sp\u00f6\u00f6ltied wurde 1986 gegr\u00fcndet mit dem Ziel den Patienten und die sie begleitenden Eltern die Zeit ihres Klinikaufenthalts so angenehm wie m\u00f6glich zu gestalten, um damit den Genesungsprozess <a class=\"more-link\" href=\"https:\/\/xn--spltied-b1aa.de\/\">Continue Reading &rarr;<\/a><\/p>\n","protected":false},"author":1,"featured_media":0,"parent":0,"menu_order":0,"comment_status":"closed","ping_status":"closed","template":"","meta":{"footnotes":""},"class_list":["post-7","page","type-page","status-publish","hentry"],"_links":{"self":[{"href":"https:\/\/xn--spltied-b1aa.de\/index.php?rest_route=\/wp\/v2\/pages\/7","targetHints":{"allow":["GET"]}}],"collection":[{"href":"https:\/\/xn--spltied-b1aa.de\/index.php?rest_route=\/wp\/v2\/pages"}],"about":[{"href":"https:\/\/xn--spltied-b1aa.de\/index.php?rest_route=\/wp\/v2\/types\/page"}],"author":[{"embeddable":true,"href":"https:\/\/xn--spltied-b1aa.de\/index.php?rest_route=\/wp\/v2\/users\/1"}],"replies":[{"embeddable":true,"href":"https:\/\/xn--spltied-b1aa.de\/index.php?rest_route=%2Fwp%2Fv2%2Fcomments&post=7"}],"version-history":[{"count":8,"href":"https:\/\/xn--spltied-b1aa.de\/index.php?rest_route=\/wp\/v2\/pages\/7\/revisions"}],"predecessor-version":[{"id":125,"href":"https:\/\/xn--spltied-b1aa.de\/index.php?rest_route=\/wp\/v2\/pages\/7\/revisions\/125"}],"wp:attachment":[{"href":"https:\/\/xn--spltied-b1aa.de\/index.php?rest_route=%2Fwp%2Fv2%2Fmedia&parent=7"}],"curies":[{"name":"wp","href":"https:\/\/api.w.org\/{rel}","templated":true}]}}