{"id":25,"date":"2019-11-04T14:59:26","date_gmt":"2019-11-04T13:59:26","guid":{"rendered":"http:\/\/xn--spltied-b1aa.de\/?page_id=25"},"modified":"2023-06-17T16:06:24","modified_gmt":"2023-06-17T14:06:24","slug":"unsere-aktivitaeten","status":"publish","type":"page","link":"https:\/\/xn--spltied-b1aa.de\/?page_id=25","title":{"rendered":"Unsere Aktivit\u00e4ten"},"content":{"rendered":"\n<figure class=\"wp-block-image\"><img loading=\"lazy\" decoding=\"async\" width=\"1024\" height=\"768\" src=\"http:\/\/xn--spltied-b1aa.de\/wp-content\/uploads\/2019\/11\/IMG_0516-1024x768.jpg\" alt=\"\" class=\"wp-image-66\" srcset=\"https:\/\/xn--spltied-b1aa.de\/wp-content\/uploads\/2019\/11\/IMG_0516-1024x768.jpg 1024w, https:\/\/xn--spltied-b1aa.de\/wp-content\/uploads\/2019\/11\/IMG_0516-300x225.jpg 300w, https:\/\/xn--spltied-b1aa.de\/wp-content\/uploads\/2019\/11\/IMG_0516-768x576.jpg 768w\" sizes=\"auto, (max-width: 1024px) 100vw, 1024px\" \/><\/figure>\n\n\n\n<div style=\"height:32px\" aria-hidden=\"true\" class=\"wp-block-spacer\"><\/div>\n\n\n\n<p><strong>Um diese Ziele zu erreichen, sind wir beispielsweise behilflich bei der Gestaltung der R\u00e4umlichkeiten, auch die Neugestaltung und Pflege des klinikeigenen Spielplatzes bedarf st\u00e4ndiger Unterst\u00fctzung.<\/strong> <\/p>\n\n\n\n<p><strong>Unter dem Motto Spielen \u2013 Basteln \u2013 Lesen werden laufend entsprechende Materialien ben\u00f6tigt, f\u00fcr die Gelder aus einer Krankenhausfinanzierung anderweitig nicht zur Verf\u00fcgung stehen, privates Engagement ist also weiterhin erforderlich.<\/strong> <\/p>\n\n\n\n<p><strong>Unterst\u00fctzt werden weiterhin Projekte in der Schulung chronisch kranker Kinder mit Asthma, Diabetes u.\u2009a., die einen Schwerpunkt in der Klinik darstellen.<\/strong><\/p>\n\n\n\n<figure class=\"wp-block-image\"><img loading=\"lazy\" decoding=\"async\" width=\"1024\" height=\"223\" src=\"http:\/\/xn--spltied-b1aa.de\/wp-content\/uploads\/2019\/11\/Scan071018_124241-1024x223.jpg\" alt=\"\" class=\"wp-image-67\" srcset=\"https:\/\/xn--spltied-b1aa.de\/wp-content\/uploads\/2019\/11\/Scan071018_124241-1024x223.jpg 1024w, https:\/\/xn--spltied-b1aa.de\/wp-content\/uploads\/2019\/11\/Scan071018_124241-300x65.jpg 300w, https:\/\/xn--spltied-b1aa.de\/wp-content\/uploads\/2019\/11\/Scan071018_124241-768x167.jpg 768w\" sizes=\"auto, (max-width: 1024px) 100vw, 1024px\" \/><\/figure>\n","protected":false},"excerpt":{"rendered":"<p>Um diese Ziele zu erreichen, sind wir beispielsweise behilflich bei der Gestaltung der R\u00e4umlichkeiten, auch die Neugestaltung und Pflege des klinikeigenen Spielplatzes bedarf st\u00e4ndiger Unterst\u00fctzung. Unter dem Motto Spielen \u2013 <a class=\"more-link\" href=\"https:\/\/xn--spltied-b1aa.de\/?page_id=25\">Continue Reading &rarr;<\/a><\/p>\n","protected":false},"author":1,"featured_media":0,"parent":0,"menu_order":0,"comment_status":"closed","ping_status":"closed","template":"","meta":{"footnotes":""},"class_list":["post-25","page","type-page","status-publish","hentry"],"_links":{"self":[{"href":"https:\/\/xn--spltied-b1aa.de\/index.php?rest_route=\/wp\/v2\/pages\/25","targetHints":{"allow":["GET"]}}],"collection":[{"href":"https:\/\/xn--spltied-b1aa.de\/index.php?rest_route=\/wp\/v2\/pages"}],"about":[{"href":"https:\/\/xn--spltied-b1aa.de\/index.php?rest_route=\/wp\/v2\/types\/page"}],"author":[{"embeddable":true,"href":"https:\/\/xn--spltied-b1aa.de\/index.php?rest_route=\/wp\/v2\/users\/1"}],"replies":[{"embeddable":true,"href":"https:\/\/xn--spltied-b1aa.de\/index.php?rest_route=%2Fwp%2Fv2%2Fcomments&post=25"}],"version-history":[{"count":4,"href":"https:\/\/xn--spltied-b1aa.de\/index.php?rest_route=\/wp\/v2\/pages\/25\/revisions"}],"predecessor-version":[{"id":127,"href":"https:\/\/xn--spltied-b1aa.de\/index.php?rest_route=\/wp\/v2\/pages\/25\/revisions\/127"}],"wp:attachment":[{"href":"https:\/\/xn--spltied-b1aa.de\/index.php?rest_route=%2Fwp%2Fv2%2Fmedia&parent=25"}],"curies":[{"name":"wp","href":"https:\/\/api.w.org\/{rel}","templated":true}]}}